{"id":1931,"date":"2021-05-26T11:27:55","date_gmt":"2021-05-26T11:27:55","guid":{"rendered":"https:\/\/crisant-romans.com\/?page_id=1931"},"modified":"2024-02-16T08:23:37","modified_gmt":"2024-02-16T08:23:37","slug":"estudio","status":"publish","type":"page","link":"https:\/\/crisant-romans.com\/en\/estudio\/","title":{"rendered":"Studio"},"content":{"rendered":"\n<div class=\"wp-block-group alignfull\"><div class=\"wp-block-group__inner-container is-layout-flow wp-block-group-is-layout-flow\">\n<div class=\"wp-block-columns alignfull is-layout-flex wp-container-core-columns-is-layout-9d6595d7 wp-block-columns-is-layout-flex\">\n<div class=\"wp-block-column is-layout-flow wp-block-column-is-layout-flow\" style=\"flex-basis:50%\"><div class=\"wp-block-image\">\n<figure class=\"alignleft size-large\"><img loading=\"lazy\" decoding=\"async\" width=\"801\" height=\"1024\" src=\"https:\/\/crisant-romans.com\/wp-content\/uploads\/2023\/05\/Foto_perfil_estudi-801x1024.jpg\" alt=\"\" class=\"wp-image-1129\"\/><\/figure>\n<\/div><\/div>\n\n\n\n<div class=\"wp-block-column is-layout-flow wp-block-column-is-layout-flow\" style=\"flex-basis:40%\">\n<div style=\"height:10px\" aria-hidden=\"true\" class=\"wp-block-spacer\"><\/div>\n\n\n\n<h2 class=\"wp-block-heading has-extra-large-font-size\" style=\"font-style:normal;font-weight:400;line-height:1.3\">I&#39;m an architect based in Barcelona.<\/h2>\n\n\n\n<h2 class=\"wp-block-heading has-extra-large-font-size\" style=\"font-style:normal;font-weight:400;line-height:1.3\"><br>I approach each project with a strong emphasis on understanding the client&#39;s needs and the characteristics of the site, while prioritizing simplicity of design and the efficient use of materials.\u200b<\/h2>\n\n\n\n<p class=\"has-small-font-size\"><br>\u200b\u200bSince 2012, I&#39;ve been leading my own studio. Before that, I had a five-year collaboration with Jordi Roldan and two years of work experience with Pep Llin\u00e1s. I studied at the Vall\u00e8s School of Architecture (ETSAV-UPC).<br><br>TEAM<br>Technical Architecture:\u200b&nbsp;Modest Mor<br>Structural Engineering: \u200bGMK Arquitectes<br>Energy Efficiency:&nbsp;Jorge Romero<br>Installations:&nbsp;ICA Grupo<br>Collaborators: \u200bJulen Arberlaitz, David Barreto, Lara Del Valle, Gemma Domingo, Katherine Narv\u00e1ez<\/p>\n\n\n\n<div style=\"height:30px\" aria-hidden=\"true\" class=\"wp-block-spacer\"><\/div>\n\n\n\n<div class=\"wp-block-columns is-layout-flex wp-container-core-columns-is-layout-9d6595d7 wp-block-columns-is-layout-flex\">\n<div class=\"wp-block-column is-layout-flow wp-block-column-is-layout-flow\" style=\"flex-basis:50%\">\n<p class=\"has-small-font-size\">AWARDS \/ COMPETITIONS<br>2019\u200b.&nbsp;Special Mention in the Urban Regeneration Competition II. Som Cer\u00e1mica 2019.<br>Intervention in the Botanical Garden of Nules.<br>2018\u200b.&nbsp;2nd Prize in the competition for the reurbanization of Passeig de la Ind\u00fastria and Pla\u00e7a de l&#39;Ajuntament in Banyoles. (With Pepa Mor\u00e1n).\u200b<br>2014. Winner of the competition for the entrepreneurial landing in the Disseny Hub Barcelona building, organized by AMB (\u00c0rea Metropolitana de Barcelona).<br>2012\u200b.&nbsp;Finalist in the competition for the remodeling of the Real Madrid Museum,\norganized by Mediapro. (With Estudio Alteraciones).\u200b<br>2011\u200b.&nbsp;Finalist in the 14 th Architecture Awards of the Girona Counties 2011. Semi-detached single-family house in Puigcerd\u00e0 (Girona).<br>2003\u200b.\u200b Finalist in the &quot;Racons P\u00fablics&quot; competition, organized by FAD in the Year of Design 2003. Alzines\/Alfombres. Intervention at Passatge Sert.<\/p>\n<\/div>\n\n\n\n<div class=\"wp-block-column is-layout-flow wp-block-column-is-layout-flow\" style=\"flex-basis:50%\">\n<p class=\"has-small-font-size\">PUBLICATIONS\/ EXHIBITIONS\/ CONFERENCES<br>2023\u200b.\u200b&nbsp;Public Space in Metropolitan Barcelona. Interventions and Conversations. 2018 &#8211; 2022\u200b.\u200b<br>Carrer d\u2019Andalusia. Castelldefels<br>2018\u200b.&nbsp;Master of Landscape Architecture in Barcelona. ETSAB-UPC.\u200b<br>Presentation of the project for the reurbanization of Passeig de la Ind\u00fastria in Banyoles.<br>2015\u200b.&nbsp;CCCB. Centre de Cultura Contempor\u00e0nia de Barcelona. Piso Piloto. Medell\u00edn &#8211; Barcelona, June 4 \u2013 October 25, 2015.\u200b<br>Intervention at Passatge Sert. Project selected from the 5 editions of the\n&quot;Racons P\u00fablics&quot; competition.<br>2011\u200b.&nbsp;Revista \u201cProyecto Contract\u201d n\u00ba 79\u200b.\u200b<br>Reforma interior de nave industrial para uso de oficinas Acer Computer Ib\u00e9rica\u200b.\u200b<br>2011\u200b.&nbsp;&quot;Proyecto Contract&quot; Magazine, Issue No. 79.<br>Interior refurbishment of an industrial warehouse for office use for Acer Computer Ib\u00e9rica.\u200b<br>2011\u200b.&nbsp;&quot;Lum\u00ednica&quot; Magazine, Issue No. 20.\u200b<br>Interior refurbishment of an industrial warehouse for office use for Acer Computer Ib\u00e9rica.\u200b<br>2004\u200b.&nbsp;&quot;Racons P\u00fablics 2003.&quot; FAD-Barcelona City Council.\u200b<br>Intervention at Passatge Sert.<br>2003\u200b.\u200b&nbsp;&quot;El Peri\u00f3dico de Catalu\u00f1a,&quot; July 7, 2003.<br>05: Sert. Selected Projects.\u200b<\/p>\n<\/div>\n<\/div>\n<\/div>\n<\/div>\n<\/div><\/div>\n","protected":false},"excerpt":{"rendered":"<p>I&#39;m an architect based in Barcelona. I approach each project with a strong emphasis on understanding the client&#39;s needs and the characteristics of the site, while prioritizing simplicity of design and the efficient use of materials.\u200b \u200b\u200bSince 2012, I&#39;ve been leading my own studio. Before that, I had a five-year collaboration with Jordi Roldan and [&hellip;]<\/p>\n","protected":false},"author":1,"featured_media":0,"parent":0,"menu_order":0,"comment_status":"closed","ping_status":"closed","template":"","meta":{"footnotes":""},"class_list":["post-1931","page","type-page","status-publish","hentry"],"jetpack_sharing_enabled":true,"_links":{"self":[{"href":"https:\/\/crisant-romans.com\/en\/wp-json\/wp\/v2\/pages\/1931","targetHints":{"allow":["GET"]}}],"collection":[{"href":"https:\/\/crisant-romans.com\/en\/wp-json\/wp\/v2\/pages"}],"about":[{"href":"https:\/\/crisant-romans.com\/en\/wp-json\/wp\/v2\/types\/page"}],"author":[{"embeddable":true,"href":"https:\/\/crisant-romans.com\/en\/wp-json\/wp\/v2\/users\/1"}],"replies":[{"embeddable":true,"href":"https:\/\/crisant-romans.com\/en\/wp-json\/wp\/v2\/comments?post=1931"}],"version-history":[{"count":2,"href":"https:\/\/crisant-romans.com\/en\/wp-json\/wp\/v2\/pages\/1931\/revisions"}],"predecessor-version":[{"id":1935,"href":"https:\/\/crisant-romans.com\/en\/wp-json\/wp\/v2\/pages\/1931\/revisions\/1935"}],"wp:attachment":[{"href":"https:\/\/crisant-romans.com\/en\/wp-json\/wp\/v2\/media?parent=1931"}],"curies":[{"name":"wp","href":"https:\/\/api.w.org\/{rel}","templated":true}]}}