{"id":1847,"date":"2021-05-26T11:27:55","date_gmt":"2021-05-26T11:27:55","guid":{"rendered":"https:\/\/crisant-romans.com\/?page_id=1847"},"modified":"2023-11-23T14:33:52","modified_gmt":"2023-11-23T14:33:52","slug":"estudio","status":"publish","type":"page","link":"https:\/\/crisant-romans.com\/ca\/estudio\/","title":{"rendered":"Estudi"},"content":{"rendered":"\n<div class=\"wp-block-group alignfull\"><div class=\"wp-block-group__inner-container is-layout-flow wp-block-group-is-layout-flow\">\n<div class=\"wp-block-columns alignfull is-layout-flex wp-container-core-columns-is-layout-9d6595d7 wp-block-columns-is-layout-flex\">\n<div class=\"wp-block-column is-layout-flow wp-block-column-is-layout-flow\" style=\"flex-basis:50%\"><div class=\"wp-block-image\">\n<figure class=\"alignleft size-large\"><img loading=\"lazy\" decoding=\"async\" width=\"801\" height=\"1024\" src=\"https:\/\/crisant-romans.com\/wp-content\/uploads\/2023\/05\/Foto_perfil_estudi-801x1024.jpg\" alt=\"\" class=\"wp-image-1129\"\/><\/figure>\n<\/div><\/div>\n\n\n\n<div class=\"wp-block-column is-layout-flow wp-block-column-is-layout-flow\" style=\"flex-basis:40%\">\n<div style=\"height:10px\" aria-hidden=\"true\" class=\"wp-block-spacer\"><\/div>\n\n\n\n<h2 class=\"wp-block-heading has-extra-large-font-size\" style=\"font-style:normal;font-weight:400;line-height:1.3\">Soc un arquitecte amb seu a Barcelona.<\/h2>\n\n\n\n<h2 class=\"wp-block-heading has-extra-large-font-size\" style=\"font-style:normal;font-weight:400;line-height:1.3\"><br>Entenc cada enc\u00e0rrec com un projecte \u00fanic que parteix de l&#8217;atenci\u00f3 a les necessitats del client i del lloc, de la simplicitat de formes i de l&#8217;\u00fas eficient dels materials.<\/h2>\n\n\n\n<p class=\"has-small-font-size\"><br>\u200b\u200bDes de 2012 dirigeixo el meu propi estudi. Abans vaig fer t\u00e0ndem durant 5 anys amb en Jordi Roldan i vaig treballar dos anys amb en Pep Llin\u00e1s. Vaig estudiar a l&#8217;Escola d&#8217;Arquitectura del Vall\u00e8s (ETSAV-UPC).<br><br>EQUIP<br>Arquitectura t\u00e8cnica\u200b:\u200b\u00a0Modest Mor<br>Estructura\u200b: \u200bGMK Arquitectes<br>Efici\u00e8ncia energ\u00e8tica\u200b:\u200b\u00a0Jorge Romero<br>Instal\u00b7lacions\u200b:\u00a0ICA Grupo<br>Han col\u00b7laborat:\u200b \u200bJulen Arberlaitz, David Barreto, Lara Del Valle, Gemma Domingo, Katherine Narv\u00e1ez<\/p>\n\n\n\n<div style=\"height:30px\" aria-hidden=\"true\" class=\"wp-block-spacer\"><\/div>\n\n\n\n<div class=\"wp-block-columns is-layout-flex wp-container-core-columns-is-layout-9d6595d7 wp-block-columns-is-layout-flex\">\n<div class=\"wp-block-column is-layout-flow wp-block-column-is-layout-flow\" style=\"flex-basis:50%\">\n<p class=\"has-small-font-size\">PREMIS \/ CONCURSOS<br>2019\u200b.\u00a0Menci\u00f3 especial al concurs de Regeneraci\u00f3 Urbana II. Som Cer\u00e0mica 2019.<br>Intervenci\u00f3 al Jard\u00ed Bot\u00e0nic de Nules.<br>2018\u200b.\u00a02n Premi al concurs per a la reurbanitzaci\u00f3 del Passeig de la Ind\u00fastria i la Pla\u00e7a de l\u2019Ajuntament de Banyoles. (Amb Pepa Mor\u00e1n)\u200b.\u200b<br>2014. Guanyador del concurs per al landing empresarial a l\u2019edifici Disseny Hub de Barcelona, convocat per l\u2019\u00c0rea Metropolitana de Barcelona.<br>2012\u200b.\u00a0Finalista al concurs per la remodelaci\u00f3 del Museo del Real Madrid,\u200b \u200bconvocat per Mediapro. (\u200bAmb Estudio Alteraciones)\u200b.\u200b<br>2011\u200b.\u00a0Finalista als Premis d\u2019arquitectura de les comarques de Girona.\u200b \u200bHabitatge unifamiliar entre mitgeres. Puigcerd\u00e0 (Girona)\u200b.\u200b<br>2003\u200b.\u200b Finalista al concurs Racons p\u00fablics, convocat pel FAD Any del disseny 2003\/Alzines\/Alfombres. Intervenci\u00f3 en el Passatge Sert\u200b\u200b.<\/p>\n<\/div>\n\n\n\n<div class=\"wp-block-column is-layout-flow wp-block-column-is-layout-flow\" style=\"flex-basis:50%\">\n<p class=\"has-small-font-size\">PUBLICACIONS\/ EXPOSICIONS\/ CONFER\u00c8NCIES<br>2023\u200b.\u200b\u00a0L\u2019Espai P\u00fablic de la Barcelona Metropolitana. Intervencions i converses. 2018 &#8211; 2022\u200b.\u200b<br>Carrer d\u2019Andalusia. Castelldefels<br>2018\u200b.\u00a0M\u00e0ster d\u2019Arquitectura del Paisatge de Barcelona. ETSAB-UPC\u200b.\u200b<br>Presentaci\u00f3 projecte de reurbanitzaci\u00f3 del Passeig de la Ind\u00fastria de Banyoles.<br>2015\u200b.\u00a0CCCB. Piso Piloto. Medell\u00edn &#8211; Barcelona 4 juny &#8211; 25 Octubre 2015\u200b.\u200b<br>Intervenci\u00f3 en el Passatge Sert. Projecte seleccionat de les 5 edicions del concurs Racons P\u00fablics.<br>2011\u200b.\u00a0Revista \u201cProyecto Contract\u201d n\u00fam 79\u200b.\u200b<br>Reforma interior de nau industrial per a \u00fas d\u2019oficines Acer Computer Ib\u00e9rica\u200b.\u200b<br>2011\u200b.\u00a0Revista \u201cLum\u00ednica\u201d n\u00fam 20\u200b.\u200b<br>Reforma interior de nau industrial per a \u00fas d\u2019oficines Acer Computer Ib\u00e9rica\u200b.\u200b<br>2011\u200b.\u00a0Revista \u201cThe look magazine\u201d n\u00fam 05\u200b.\u200b<br>Reforma interior de nau industrial per a \u00fas d\u2019oficines Acer Computer Ib\u00e9rica\u200b.\u200b<br>2004\u200b.\u00a0Racons p\u00fablics 2003. FAD-Ajuntament de Barcelona\u200b.\u200b<br>Intervenci\u00f3 en el Passatge Sert.<br>2003\u200b.\u200b\u00a0El Peri\u00f3dico de Catalunya 07-07-2003\u200b.\u200b<br>05: Sert. Projectes seleccionats\u200b.\u200b<\/p>\n<\/div>\n<\/div>\n<\/div>\n<\/div>\n<\/div><\/div>\n","protected":false},"excerpt":{"rendered":"<p>Soc un arquitecte amb seu a Barcelona. Entenc cada enc\u00e0rrec com un projecte \u00fanic que parteix de l&#8217;atenci\u00f3 a les necessitats del client i del lloc, de la simplicitat de formes i de l&#8217;\u00fas eficient dels materials. \u200b\u200bDes de 2012 dirigeixo el meu propi estudi. Abans vaig fer t\u00e0ndem durant 5 anys amb en Jordi [&hellip;]<\/p>\n","protected":false},"author":1,"featured_media":0,"parent":0,"menu_order":0,"comment_status":"closed","ping_status":"closed","template":"","meta":{"footnotes":""},"class_list":["post-1847","page","type-page","status-publish","hentry"],"jetpack_sharing_enabled":true,"_links":{"self":[{"href":"https:\/\/crisant-romans.com\/ca\/wp-json\/wp\/v2\/pages\/1847","targetHints":{"allow":["GET"]}}],"collection":[{"href":"https:\/\/crisant-romans.com\/ca\/wp-json\/wp\/v2\/pages"}],"about":[{"href":"https:\/\/crisant-romans.com\/ca\/wp-json\/wp\/v2\/types\/page"}],"author":[{"embeddable":true,"href":"https:\/\/crisant-romans.com\/ca\/wp-json\/wp\/v2\/users\/1"}],"replies":[{"embeddable":true,"href":"https:\/\/crisant-romans.com\/ca\/wp-json\/wp\/v2\/comments?post=1847"}],"version-history":[{"count":3,"href":"https:\/\/crisant-romans.com\/ca\/wp-json\/wp\/v2\/pages\/1847\/revisions"}],"predecessor-version":[{"id":1851,"href":"https:\/\/crisant-romans.com\/ca\/wp-json\/wp\/v2\/pages\/1847\/revisions\/1851"}],"wp:attachment":[{"href":"https:\/\/crisant-romans.com\/ca\/wp-json\/wp\/v2\/media?parent=1847"}],"curies":[{"name":"wp","href":"https:\/\/api.w.org\/{rel}","templated":true}]}}